{"id":812,"date":"2018-10-02T17:41:12","date_gmt":"2018-10-02T18:11:12","guid":{"rendered":"https:\/\/www.kivuavenir.com\/EN\/?page_id=812"},"modified":"2024-02-03T20:07:08","modified_gmt":"2024-02-03T18:07:08","slug":"politique-de-confidentialite","status":"publish","type":"page","link":"https:\/\/kivuavenir.com\/en\/politique-de-confidentialite\/","title":{"rendered":"PRIVACY POLICY"},"content":{"rendered":"<h1>Politique de confidentialit\u00e9 de\u00a0<strong>www.kivuavenir.com<\/strong><\/h1>\n<p>Cette Application collecte certaines Donn\u00e9es personnelles de ses Utilisateurs.<\/p>\n<h2 id=\"purposes_data\">Donn\u00e9es personnelles collect\u00e9es pour les raisons suivantes et en utilisant les services suivants :<\/h2>\n<ul class=\"for_boxes cf\">\n<li class=\"one_line_col\">\n<ul class=\"for_boxes\">\n<li>\n<div class=\"iconed policyicon_purpose_25\">\n<h3>Affichage de contenus \u00e0 partir de plateformes externes<\/h3>\n<ul class=\"unstyled\">\n<li>\n<h3>Google Fonts<\/h3>\n<p>Donn\u00e9es personnelles : diff\u00e9rents types de Donn\u00e9es indiqu\u00e9es dans la politique de confidentialit\u00e9 du service et Donn\u00e9es d&#8217;utilisation<\/li>\n<\/ul>\n<\/div>\n<\/li>\n<li>\n<div class=\"iconed policyicon_purpose_5\">\n<h3>Analyses<\/h3>\n<ul class=\"unstyled\">\n<li>\n<h3>Google Analytics<\/h3>\n<p>Donn\u00e9es personnelles : Cookies et Donn\u00e9es d&#8217;utilisation<\/li>\n<\/ul>\n<\/div>\n<\/li>\n<li>\n<div class=\"iconed policyicon_purpose_18\">\n<h3>Gestion des contacts et envoi de messages<\/h3>\n<ul class=\"unstyled\">\n<li>\n<h3>MailChimp<\/h3>\n<p>Donn\u00e9es personnelles : adresse \u00e9lectronique, nom de famille et pr\u00e9nom<\/li>\n<\/ul>\n<\/div>\n<\/li>\n<li>\n<div class=\"iconed policyicon_purpose_26\">\n<h3>\u00c9changes avec les r\u00e9seaux sociaux et les plateformes externes<\/h3>\n<ul class=\"unstyled\">\n<li>\n<h3>Bouton J\u2019aime et widgets sociaux de Facebook<\/h3>\n<p>Donn\u00e9es personnelles : Cookies et Donn\u00e9es d&#8217;utilisation<\/li>\n<\/ul>\n<\/div>\n<\/li>\n<\/ul>\n<\/li>\n<\/ul>\n<h2 id=\"contact_information\">Coordonn\u00e9es<\/h2>\n<ul class=\"for_boxes cf\">\n<li class=\"one_line_col\">\n<ul class=\"for_boxes\">\n<li>\n<div class=\"iconed icon_owner\">\n<h3>Propri\u00e9taire et Responsable du traitement<\/h3>\n<p>Kivu Avenir, Allen Street, Newcastle South Africa<\/p>\n<p><b>Courriel de contact du Propri\u00e9taire :<\/b>kivu-avenir@kivuavenir.com<\/p>\n<\/div>\n<\/li>\n<\/ul>\n<\/li>\n<\/ul>\n","protected":false},"excerpt":{"rendered":"<p>Politique de confidentialit\u00e9 de\u00a0www.kivuavenir.com Cette Application collecte certaines Donn\u00e9es personnelles de ses Utilisateurs. Donn\u00e9es personnelles collect\u00e9es pour les raisons suivantes et en utilisant les services suivants : Affichage de contenus \u00e0 partir de plateformes externes Google Fonts Donn\u00e9es personnelles : diff\u00e9rents types de Donn\u00e9es indiqu\u00e9es dans la politique de confidentialit\u00e9 du service et Donn\u00e9es d&#8217;utilisation [&hellip;]<\/p>\n","protected":false},"author":1,"featured_media":0,"parent":0,"menu_order":0,"comment_status":"closed","ping_status":"closed","template":"","meta":{"jnews_page_loop":[],"jnews_single_page":[],"jnews_social_meta":[],"footnotes":""},"class_list":["post-812","page","type-page","status-publish","hentry"],"_links":{"self":[{"href":"https:\/\/kivuavenir.com\/en\/wp-json\/wp\/v2\/pages\/812","targetHints":{"allow":["GET"]}}],"collection":[{"href":"https:\/\/kivuavenir.com\/en\/wp-json\/wp\/v2\/pages"}],"about":[{"href":"https:\/\/kivuavenir.com\/en\/wp-json\/wp\/v2\/types\/page"}],"author":[{"embeddable":true,"href":"https:\/\/kivuavenir.com\/en\/wp-json\/wp\/v2\/users\/1"}],"replies":[{"embeddable":true,"href":"https:\/\/kivuavenir.com\/en\/wp-json\/wp\/v2\/comments?post=812"}],"version-history":[{"count":2,"href":"https:\/\/kivuavenir.com\/en\/wp-json\/wp\/v2\/pages\/812\/revisions"}],"predecessor-version":[{"id":17542,"href":"https:\/\/kivuavenir.com\/en\/wp-json\/wp\/v2\/pages\/812\/revisions\/17542"}],"wp:attachment":[{"href":"https:\/\/kivuavenir.com\/en\/wp-json\/wp\/v2\/media?parent=812"}],"curies":[{"name":"wp","href":"https:\/\/api.w.org\/{rel}","templated":true}]}}